{"id":46,"date":"2022-05-24T12:11:45","date_gmt":"2022-05-24T05:11:45","guid":{"rendered":"https:\/\/www.dualuoiluonghoaa.com\/?page_id=46"},"modified":"2022-05-24T14:20:17","modified_gmt":"2022-05-24T07:20:17","slug":"gioi-thieu","status":"publish","type":"page","link":"https:\/\/www.dualuoiluonghoaa.com\/?page_id=46","title":{"rendered":"GI\u1edaI THI\u1ec6U"},"content":{"rendered":"\n<div class=\"wp-block-image\"><figure class=\"aligncenter size-large is-resized\"><img fetchpriority=\"high\" decoding=\"async\" src=\"https:\/\/www.dualuoiluonghoaa.com\/wp-content\/uploads\/2022\/05\/LOGO-2-1024x667.jpg\" alt=\"\" class=\"wp-image-117\" width=\"317\" height=\"206\" srcset=\"https:\/\/www.dualuoiluonghoaa.com\/wp-content\/uploads\/2022\/05\/LOGO-2-1024x667.jpg 1024w, https:\/\/www.dualuoiluonghoaa.com\/wp-content\/uploads\/2022\/05\/LOGO-2-300x195.jpg 300w, https:\/\/www.dualuoiluonghoaa.com\/wp-content\/uploads\/2022\/05\/LOGO-2-768x500.jpg 768w, https:\/\/www.dualuoiluonghoaa.com\/wp-content\/uploads\/2022\/05\/LOGO-2-1536x1000.jpg 1536w, https:\/\/www.dualuoiluonghoaa.com\/wp-content\/uploads\/2022\/05\/LOGO-2-2048x1333.jpg 2048w, https:\/\/www.dualuoiluonghoaa.com\/wp-content\/uploads\/2022\/05\/LOGO-2-600x391.jpg 600w\" sizes=\"(max-width: 317px) 100vw, 317px\" \/><\/figure><\/div>\n\n\n\n<p>Vi\u1ec7c bi\u1ebfn \u0111\u1ed5i kh\u00ed h\u1eadu tr\u00ean to\u00e0n c\u1ea7u \u0111\u00e3 g\u00e2y ra \u1ea3nh h\u01b0\u1edfng n\u1eb7ng n\u1ec1 \u0111\u1ed1i v\u1edbi khu v\u1ef1c \u0110\u1ed3ng B\u1eb1ng S\u00f4ng C\u1eedu Long, \u0111\u1eb7c bi\u1ec7t l\u00e0 t\u1ec9nh Tr\u00e0 Vinh. \u0110\u1ec3 th\u00edch \u1ee9ng v\u1edbi t\u00ecnh h\u00ecnh bi\u1ebfn \u0111\u1ed5i kh\u00ed h\u1eadu \u0111ang di\u1ec5n bi\u1ebfn ph\u1ee9c t\u1ea1p, t\u1ec9nh Tr\u00e0 Vinh \u0111\u00e3 v\u1eadn \u0111\u1ed9ng nh\u00e2n d\u00e2n t\u00edch c\u1ef1c tham gia c\u00e1c m\u00f4 h\u00ecnh kinh t\u1ebf t\u1eadp th\u1ec3 g\u1eafn v\u1edbi th\u1ef1c hi\u1ec7n \u0111\u1ec1 \u00e1n chuy\u1ec3n \u0111\u1ed5i c\u01a1 c\u1ea5u c\u00e2y tr\u1ed3ng, v\u1eadt nu\u00f4i, b\u1ed1 tr\u00ed c\u00e2y tr\u1ed3ng ph\u00f9 h\u1ee3p t\u1eebng v\u00f9ng v\u00e0 \u0111\u1ecba ph\u01b0\u01a1ng, g\u00f3p ph\u1ea7n th\u00fac \u0111\u1ea9y kinh t\u1ebf gia \u0111\u00ecnh. L\u00e0 m\u1ed9t n\u00f4ng d\u00e2n g\u1eafn b\u00f3 l\u00e2u \u0111\u1eddi v\u1edbi ngh\u1ec1 tr\u1ed3ng l\u00faa t\u1ea1i m\u1ea3nh \u0111\u1ea5t L\u01b0\u01a1ng H\u00f2a A, Ch\u00e2u Th\u00e0nh, tuy nhi\u00ean \u1ea3nh h\u01b0\u1edfng c\u1ee7a bi\u1ebfn \u0111\u1ed5i kh\u00ed h\u1eadu \u0111\u00e3 khi\u1ebfn nhi\u1ec1u di\u1ec7n t\u00edch canh t\u00e1c l\u00faa c\u1ee7a A Hu\u1ef3nh b\u1ecb x\u00e2m nh\u1eadp m\u1eb7n, gi\u00e1 tr\u1ecb kinh t\u1ebf t\u1eeb vi\u1ec7c tr\u1ed3ng l\u00faa kh\u00f4ng cao. H\u01b0\u1edfng \u1ee9ng ch\u01b0\u01a1ng tr\u00ecnh tr\u00ean c\u1ee7a t\u1ec9nh, anh Hu\u1ef3nh Sa R\u00e2y \u0111\u00e3 tham gia v\u00e0o t\u1ed5 h\u1ee3p t\u00e1c tr\u1ed3ng m\u00e0u c\u00f4ng ngh\u1ec7 cao, th\u00e0nh l\u1eadp H\u1ed9 kinh doanh Hu\u1ef3nh Sa R\u00e2y v\u00e0 m\u1ea1nh d\u1ea1n chuy\u1ec3n \u0111\u1ed5i 0,2ha \u0111\u1ea5t tr\u1ed3ng l\u00faa sang tr\u1ed3ng d\u01b0a l\u01b0\u1edbi. V\u1edbi vi\u1ec7c \u00e1p d\u1ee5ng m\u00f4 h\u00ecnh tr\u1ed3ng d\u01b0a trong nh\u00e0 l\u01b0\u1edbi gi\u00fap ch\u1eafn m\u01b0a, ch\u1eafn n\u1eafng, h\u1ea1n ch\u1ebf s\u00e2u b\u1ec7nh h\u1ea1i v\u00e0 s\u1eed d\u1ee5ng h\u1ec7 th\u1ed1ng t\u01b0\u1edbi n\u01b0\u1edbc nh\u1ecf gi\u1ecdt n\u00ean qu\u1ea3 d\u01b0a l\u01b0\u1edbi th\u00e0nh ph\u1ea9m c\u1ee7a m\u00f4 h\u00ecnh n\u00e0y lu\u00f4n \u0111\u01b0\u1ee3c \u0111\u1ea3m b\u1ea3o v\u1ec1 m\u1eb7t ch\u1ea5t l\u01b0\u1ee3ng c\u0169ng nh\u01b0 an to\u00e0n th\u1ef1c ph\u1ea9m. Vi\u1ec7c m\u1ea1nh d\u1ea1n tham gia m\u00f4 h\u00ecnh chuy\u1ec3n \u0111\u1ed5i \u0111\u00e3 mang l\u1ea1i cho gia \u0111\u00ecnh anh Hu\u1ef3nh Sa R\u00e2y l\u1ee3i nhu\u1eadn cao g\u1ea5p m\u01b0\u1eddi l\u1ea7n so v\u1edbi tr\u1ed3ng l\u00faa \u0111\u1ed3ng th\u1eddi t\u1ea1o c\u01a1 h\u1ed9i \u0111\u1ec3 anh c\u00f3 th\u1ec3 \u0111\u01b0a nh\u1eefng qu\u1ea3 d\u01b0a l\u01b0\u1edbi ch\u1ea5t l\u01b0\u1ee3ng, an to\u00e0n t\u1edbi tay ng\u01b0\u1eddi ti\u00eau d\u00f9ng.<\/p>\n\n\n\n<p>B\u1eb1ng s\u1ef1 ch\u0103m ch\u1ec9 v\u00e0 ch\u1ecbu kh\u00f3 trong s\u1ea3n xu\u1ea5t, s\u1ef1 nghi\u00eam c\u1ea9n trong vi\u1ec7c tu\u00e2n th\u1ee7 c\u00e1c quy tr\u00ecnh s\u1ea3n xu\u1ea5t, canh t\u00e1c, nh\u1eefng qu\u1ea3 d\u01b0a l\u01b0\u1edbi c\u1ee7a H\u1ed9 kinh doanh Hu\u1ef3nh Sa R\u00e2y mang m\u1ed9t \u0111\u1eb7c tr\u01b0ng r\u1ea5t ri\u00eang v\u1edbi v\u1ecf ngo\u00e0i c\u00f3 m\u00e0u xanh th\u1eabm, ph\u1ea7n ru\u1ed9t c\u00f3 m\u00e0u cam \u0111\u1eb9p m\u1eaft, khi ch\u00edn th\u1ecbt qu\u1ea3 gi\u00f2n, v\u1ecb th\u01a1m, m\u00e1t, ng\u1ecdt d\u1ecbu, chi\u1ec1u l\u00f2ng c\u1ea3 nh\u1eefng v\u1ecb kh\u00e1ch \u201ckh\u00f3 t\u00ednh\u201d. \u0110\u1eb7c bi\u1ec7t, H\u1ed9 kinh doanh c\u00f2n \u0111\u1ea7u t\u01b0 v\u00e0o vi\u1ec7c \u0111\u0103ng k\u00fd b\u1ea3o h\u1ed9 quy\u1ec1n s\u1edf h\u1eefu tr\u00ed tu\u1ec7 cho s\u1ea3n ph\u1ea9m v\u1edbi nh\u00e3n hi\u1ec7u \u201cD\u01b0a l\u01b0\u1edbi TSRH\u201d, thi\u1ebft k\u1ebf m\u1eabu m\u00e3, bao b\u00ec s\u1ea3n ph\u1ea9m v\u00e0 \u0111\u0103ng k\u00fd tem truy xu\u1ea5t ngu\u1ed3n g\u1ed1c, x\u00e2y d\u1ef1ng website ri\u00eang \u0111\u1ec3 qu\u1ea3ng b\u00e1 s\u1ea3n ph\u1ea9m. Do v\u1eady, kh\u00e1ch h\u00e0ng \u0111\u1ebfn v\u1edbi D\u01b0a l\u01b0\u1edbi TSRH s\u1ebd y\u00ean t\u00e2m h\u01a1n v\u00ec s\u1ea3n ph\u1ea9m c\u00f3 \u0111\u1ea7y \u0111\u1ee7 th\u00f4ng tin v\u1ec1 ch\u1ea5t l\u01b0\u1ee3ng, xu\u1ea5t x\u1ee9, t\u00fai h\u1ed9p \u0111\u1ef1ng \u0111\u01b0\u1ee3c thi\u1ebft k\u1ebf b\u1eaft m\u1eaft, sang tr\u1ecdng. \u0110\u00e2y kh\u00f4ng ch\u1ec9 \u0111\u01a1n gi\u1ea3n l\u00e0 m\u00f3n \u0103n gi\u1ea3i nhi\u1ec7t cho nh\u1eefng ng\u00e0y h\u00e8 n\u1eafng n\u00f3ng m\u00e0 c\u00f2n l\u00e0 m\u00f3n qu\u00e0 bi\u1ebfu \u00fd ngh\u0129a cho ng\u01b0\u1eddi th\u00e2n y\u00eau, b\u1ea1n b\u00e8, \u0111\u1ed1i t\u00e1c. Kh\u00f4ng ng\u1eebng n\u00e2ng cao k\u1ef9 thu\u1eadt s\u1ea3n xu\u1ea5t \u0111\u1ec3 \u0111\u01b0a \u0111\u1ebfn tay ng\u01b0\u1eddi ti\u00eau d\u00f9ng nh\u1eefng s\u1ea3n ph\u1ea9m an to\u00e0n, ch\u1ea5t l\u01b0\u1ee3ng l\u00e0 ph\u01b0\u01a1ng ch\u00e2m v\u00e0 m\u1ee5c ti\u00eau h\u00e0ng \u0111\u1ea7u c\u1ee7a H\u1ed9 kinh doanh Hu\u1ef3nh Sa R\u00e2y. Trong t\u01b0\u01a1ng lai, H\u1ed9 kinh doanh Hu\u1ef3nh Sa R\u00e2y s\u1ebd \u0111\u1ea7u t\u01b0 nhi\u1ec1u h\u01a1n v\u00e0o c\u00f4ng ngh\u1ec7 s\u1ea3n xu\u1ea5t \u0111\u1ec3 c\u00f3 th\u1ec3 n\u00e2ng cao ch\u1ea5t l\u01b0\u1ee3ng c\u0169ng nh\u01b0 s\u1ea3n l\u01b0\u1ee3ng, g\u00f3p ph\u1ea7n kh\u1eb3ng \u0111\u1ecbnh th\u01b0\u01a1ng hi\u1ec7u D\u01b0a l\u01b0\u1edbi TSRH v\u00e0 t\u1ea1o d\u1ef1ng th\u1ecb ph\u1ea7n nh\u1ea5t \u0111\u1ecbnh trong th\u1ecb tr\u01b0\u1eddng c\u0169ng nh\u01b0 trong l\u00f2ng ng\u01b0\u1eddi ti\u00eau d\u00f9ng.<\/p>\n","protected":false},"excerpt":{"rendered":"<p>Vi\u1ec7c bi\u1ebfn \u0111\u1ed5i kh\u00ed h\u1eadu tr\u00ean to\u00e0n c\u1ea7u \u0111\u00e3 g\u00e2y ra \u1ea3nh h\u01b0\u1edfng n\u1eb7ng n\u1ec1 \u0111\u1ed1i v\u1edbi khu v\u1ef1c \u0110\u1ed3ng B\u1eb1ng S\u00f4ng C\u1eedu Long, \u0111\u1eb7c&#8230;<\/p>\n","protected":false},"author":1,"featured_media":0,"parent":0,"menu_order":0,"comment_status":"closed","ping_status":"closed","template":"","meta":{"footnotes":""},"class_list":["post-46","page","type-page","status-publish","hentry"],"_links":{"self":[{"href":"https:\/\/www.dualuoiluonghoaa.com\/index.php?rest_route=\/wp\/v2\/pages\/46","targetHints":{"allow":["GET"]}}],"collection":[{"href":"https:\/\/www.dualuoiluonghoaa.com\/index.php?rest_route=\/wp\/v2\/pages"}],"about":[{"href":"https:\/\/www.dualuoiluonghoaa.com\/index.php?rest_route=\/wp\/v2\/types\/page"}],"author":[{"embeddable":true,"href":"https:\/\/www.dualuoiluonghoaa.com\/index.php?rest_route=\/wp\/v2\/users\/1"}],"replies":[{"embeddable":true,"href":"https:\/\/www.dualuoiluonghoaa.com\/index.php?rest_route=%2Fwp%2Fv2%2Fcomments&post=46"}],"version-history":[{"count":3,"href":"https:\/\/www.dualuoiluonghoaa.com\/index.php?rest_route=\/wp\/v2\/pages\/46\/revisions"}],"predecessor-version":[{"id":211,"href":"https:\/\/www.dualuoiluonghoaa.com\/index.php?rest_route=\/wp\/v2\/pages\/46\/revisions\/211"}],"wp:attachment":[{"href":"https:\/\/www.dualuoiluonghoaa.com\/index.php?rest_route=%2Fwp%2Fv2%2Fmedia&parent=46"}],"curies":[{"name":"wp","href":"https:\/\/api.w.org\/{rel}","templated":true}]}}