{"id":159,"date":"2022-05-24T16:36:32","date_gmt":"2022-05-24T09:36:32","guid":{"rendered":"https:\/\/www.dualuoiluonghoaa.com\/?post_type=product&#038;p=159"},"modified":"2022-05-24T16:36:33","modified_gmt":"2022-05-24T09:36:33","slug":"dua-luoi-huu-co-hop-2-qua","status":"publish","type":"product","link":"https:\/\/www.dualuoiluonghoaa.com\/?product=dua-luoi-huu-co-hop-2-qua","title":{"rendered":"D\u01b0a l\u01b0\u1edbi h\u1eefu c\u01a1 h\u1ed9p 2 qu\u1ea3"},"content":{"rendered":"<p>D\u01b0a l\u01b0\u1edbi l\u00e0 lo\u1ea1i tr\u00e1i c\u00e2y \u0111\u01b0\u1ee3c r\u1ea5t nhi\u1ec1u ng\u01b0\u1eddi \u01b0a chu\u1ed9ng v\u00ec v\u1ecb ngon ng\u1ecdt.\u00a0L\u00e0 lo\u1ea1i qu\u1ea3 c\u00f3 h\u00e0m l\u01b0\u1ee3ng n\u01b0\u1edbc (88%), h\u00e0m l\u01b0\u1ee3ng potassium (300mg\/100g) \u0111\u00e1ng k\u1ec3 n\u00ean d\u01b0a l\u01b0\u1edbi c\u00f3 t\u00ednh n\u0103ng thanh l\u1ecdc, l\u1ee3i ni\u1ec7u, ch\u1ea5t x\u01a1 (1g\/100g) gi\u00fap nhu\u1eadn tr\u01b0\u1eddng, \u00edt calori (48 Kcal), beta caroten v\u00e0 vitamin C.<\/p>\n<p>Theo k\u1ebft qu\u1ea3 ph\u00e2n t\u00edch \u0111\u1ecbnh l\u01b0\u1ee3ng, c\u00e1c ch\u1ea5t kho\u00e1ng v\u00e0 vitamin th\u00ec c\u1ee9 100g d\u01b0a l\u01b0\u1edbi c\u00f3 ch\u1ee9a: Acid Folic (21 \u03bcg), Nianci (0.734 mg), beta-carotene (2020 \u03bcg), Magi\u00ea (12 mg), s\u1eaft (0,21 mg), canxi (9mg), vitamin C (36,7 mg), vitamin A (169 \u03bcg), n\u0103ng l\u01b0\u1ee3ng (34 kcal). Qu\u1ef9 Y t\u1ebf Th\u1ebf gi\u1edbi c\u0169ng li\u1ec7t k\u00ea d\u01b0a l\u01b0\u1edbi v\u00e0o danh s\u00e1ch c\u00e1c lo\u1ea1i qu\u1ea3 mang l\u1ea1i l\u1ee3i \u00edch cho ph\u1ed5i v\u00ec n\u00f3 ch\u1ee9a nhi\u1ec1u vitamin A (250mg d\u01b0a l\u01b0\u1edbi ch\u1ee9a t\u1edbi 40% l\u01b0\u1ee3ng vitamin A c\u01a1 th\u1ec3 c\u1ea7n m\u1ed7i ng\u00e0y).<\/p>\n<p>D\u01b0a \u0111\u01b0\u1ee3c tr\u1ed3ng trong nh\u00e0 k\u00ednh theo ti\u00eau chu\u1ea9n H\u1eefu c\u01a1, VietGap, \u0111\u1ea1t ch\u1ea5t l\u01b0\u1ee3ng cao.<\/p>\n","protected":false},"excerpt":{"rendered":"<p><em><strong>M\u1ecdi th\u00f4ng tin chi ti\u1ebft v\u1ec1 s\u1ea3n ph\u1ea9m xin vui l\u00f2ng li\u00ean h\u1ec7:<\/strong><\/em><\/p>\n<ul>\n<li><strong>Hu\u1ef3nh Sa R\u00e2y<\/strong><\/li>\n<li><strong>\u0110i\u1ec7n tho\u1ea1i: 037 4800 047<\/strong><\/li>\n<li><strong>\u0110\u1ecba ch\u1ec9: \u1ea4p H\u00f2a L\u1ea1c C, x\u00e3 L\u01b0\u01a1ng H\u00f2a A, huy\u1ec7n Ch\u00e2u Th\u00e0nh, t\u1ec9nh Tr\u00e0 Vinh.<\/strong><\/li>\n<li><strong>Email: sarayhuynh1982@gmail.com<\/strong><\/li>\n<li><strong>Website: dualuoiluonghoaa.com<\/strong><\/li>\n<\/ul>\n","protected":false},"featured_media":160,"comment_status":"open","ping_status":"closed","template":"","meta":[],"product_cat":[15],"product_tag":[],"class_list":{"0":"post-159","1":"product","2":"type-product","3":"status-publish","4":"has-post-thumbnail","6":"product_cat-dua-luoi","8":"first","9":"instock","10":"shipping-taxable","11":"product-type-simple"},"_links":{"self":[{"href":"https:\/\/www.dualuoiluonghoaa.com\/index.php?rest_route=\/wp\/v2\/product\/159","targetHints":{"allow":["GET"]}}],"collection":[{"href":"https:\/\/www.dualuoiluonghoaa.com\/index.php?rest_route=\/wp\/v2\/product"}],"about":[{"href":"https:\/\/www.dualuoiluonghoaa.com\/index.php?rest_route=\/wp\/v2\/types\/product"}],"replies":[{"embeddable":true,"href":"https:\/\/www.dualuoiluonghoaa.com\/index.php?rest_route=%2Fwp%2Fv2%2Fcomments&post=159"}],"wp:featuredmedia":[{"embeddable":true,"href":"https:\/\/www.dualuoiluonghoaa.com\/index.php?rest_route=\/wp\/v2\/media\/160"}],"wp:attachment":[{"href":"https:\/\/www.dualuoiluonghoaa.com\/index.php?rest_route=%2Fwp%2Fv2%2Fmedia&parent=159"}],"wp:term":[{"taxonomy":"product_cat","embeddable":true,"href":"https:\/\/www.dualuoiluonghoaa.com\/index.php?rest_route=%2Fwp%2Fv2%2Fproduct_cat&post=159"},{"taxonomy":"product_tag","embeddable":true,"href":"https:\/\/www.dualuoiluonghoaa.com\/index.php?rest_route=%2Fwp%2Fv2%2Fproduct_tag&post=159"}],"curies":[{"name":"wp","href":"https:\/\/api.w.org\/{rel}","templated":true}]}}